{"id":22,"date":"2024-01-31T20:17:36","date_gmt":"2024-01-31T20:17:36","guid":{"rendered":"https:\/\/en.tankbusters.pl\/?page_id=22"},"modified":"2024-04-07T20:12:30","modified_gmt":"2024-04-07T19:12:30","slug":"partners","status":"publish","type":"page","link":"https:\/\/en.tankbusters.pl\/index.php\/partners\/","title":{"rendered":"Partners"},"content":{"rendered":"<h1>\n<p>OUR P<span>A<\/span>RTNERS<\/p>\n<\/h1>\n<div>\n<p>    <iframe loading=\"lazy\" src=\"https:\/\/www.google.com\/maps\/d\/embed?mid=1LQ5uzKMbx8j1mws6DnZlVw-_uuypv-4&#038;ehbc=2E312F&#038;noprof=1\" width=\"80%\" height=\"800\"><\/iframe><\/p>\n<style>\n    @media screen and (min-width:0px) and (max-width:960px) {\n        iframe {\n            width: 80%;\n            height: 500px;\n        }\n    }\n<\/style>\n<\/div>\n<table>\n<tbody>\n<tr>\n<td><i>Venue Name<\/i><\/td>\n<td><i>Address<\/i><\/td>\n<\/tr>\n<tr>\n<td>Bia\u0142a Ma\u0142pa<\/td>\n<td>3 Maja St. 38, 40-097 Katowice<\/td>\n<\/tr>\n<tr>\n<td>Upojeni<\/td>\n<td>\u015awi\u0119tego Jana St. 10, 40-000 Katowice<\/td>\n<\/tr>\n<tr>\n<td>Alkolabs<\/td>\n<td>Tadeusza Ko\u015bciuszki St. 24, 40-048 Katowice<\/td>\n<\/tr>\n<tr>\n<td>Artystyczna<\/td>\n<td>Gen. Charlesa de Gaulle&#8217;a St. 17, 41-800 Zabrze<\/td>\n<\/tr>\n<tr>\n<td>Pub Sp\u00f3\u0142dzielczy Rybnik<\/td>\n<td>Pasa\u017c Sobieskiego St. 15, 44-200 Rybnik<\/td>\n<\/tr>\n<tr>\n<td>Browariat<\/td>\n<td>Francuska St. 11, 40-015 Katowice<\/td>\n<\/tr>\n<tr>\n<td>Wielokran<\/td>\n<td>Plac Krzysztofa Kamila Baczy\u0144skiego St. 2, 43-100 Tychy<\/td>\n<\/tr>\n<tr>\n<td>Piwiarnia Piw Regionalnych Multitap &#038; Pub<\/td>\n<td>Ksi\u0119dza Augustyna Kordeckiego St. 10,<br \/>\n42-226 Cz\u0119stochowa<\/td>\n<\/tr>\n<tr>\n<td>Beer Brothers<\/td>\n<td>G\u00f3rnych Wa\u0142\u00f3w St. 30, 44-100 Gliwice<\/td>\n<\/tr>\n<tr>\n<td>Zelter<\/td>\n<td>Stra\u017cacka St. 3A, 41-902 Bytom<\/td>\n<\/tr>\n<tr>\n<td>Stary Kufel<\/td>\n<td>\u015arednia St. 1, 44-100 Gliwice<\/td>\n<\/tr>\n<tr>\n<td>Craft beer pub CZE\u015a\u0106<\/td>\n<td>Grzybowska St. 2, 00-131 Warszawa<\/td>\n<\/tr>\n<tr>\n<td>Hopito<\/td>\n<td>\u017burawia St. 32\/34, 00-503 Warszawa<\/td>\n<\/tr>\n<tr>\n<td>Hoppiness Beer &#038; Food<\/td>\n<td>Chmielna St. 27\/31\/76, 00-932 Warszawa<\/td>\n<\/tr>\n<tr>\n<td>Kufle i Kapsle Nowogrodzka<\/td>\n<td>Nowogrodzka St. 25, 00-511 Warszawa<\/td>\n<\/tr>\n<tr>\n<td>UWAGA PIWO<\/td>\n<td>\u017belazna St. 51\/53, 00-841 Warszawa<\/td>\n<\/tr>\n<tr>\n<td>PiwPaw Beer Heaven<\/td>\n<td>Foksal St. 16, 00-372 Warszawa<\/td>\n<\/tr>\n<tr>\n<td>Pub Sp\u00f3\u0142dzielczy \u0141\u00f3d\u017a<\/td>\n<td>Aleja Tadeusza Ko\u015bciuszki St. 80\/82, 90-437 \u0141\u00f3d\u017a<\/td>\n<\/tr>\n<tr>\n<td>FAM.<\/td>\n<td>Kolejowa St. 14\/16, 53-508 Wroc\u0142aw<\/td>\n<\/tr>\n<tr>\n<td>Szynkarnia<\/td>\n<td>\u015awi\u0119tego Antoniego St. 15, 50-073 Wroc\u0142aw<\/td>\n<\/tr>\n<tr>\n<td>Piwarium<\/td>\n<td>Plac Hirszfelda St. 16, 53-413 Wroc\u0142aw<\/td>\n<\/tr>\n<tr>\n<td>Browarek<\/td>\n<td>Szcz\u0119\u015bliwa St. 12, 53-446 Wroc\u0142aw<\/td>\n<\/tr>\n<tr>\n<td>Marynka Piwo i Aperitivo<\/td>\n<td>Kazimierza Wielkiego St. 39, 50-077 Wroc\u0142aw<\/td>\n<\/tr>\n<tr>\n<td>Pinta Piwa 2.0<\/td>\n<td>Jedno\u015bci Narodowej St. 101\/1B, 50-301 Wroc\u0142aw<\/td>\n<\/tr>\n<tr>\n<td>House of Beer<\/td>\n<td>\u015awi\u0119tego Tomasza St. 35, 31-027 Krak\u00f3w<\/td>\n<\/tr>\n<tr>\n<td>Multi Qlti Tap Bar<\/td>\n<td>Szewska St. 21, 31-009 Krak\u00f3w<\/td>\n<\/tr>\n<tr>\n<td>Nowy Kraftowy<\/td>\n<td>Plac Nowy St. 8, 31-056 Krak\u00f3w<\/td>\n<\/tr>\n<tr>\n<td>DOLINA PIWA BEER SHOP<\/td>\n<td>Cysters\u00f3w St. 26c, 31-553 Krak\u00f3w<\/td>\n<\/tr>\n<tr>\n<td>Beer Street<\/td>\n<td>Beera Meiselsa St. 9, 31-063 Krak\u00f3w<\/td>\n<\/tr>\n<tr>\n<td>Piwna Stopa<\/td>\n<td>Szewska St. 7, 61-760 Pozna\u0144<\/td>\n<\/tr>\n<tr>\n<td>The Office &#8211; Craft Beer Pub<\/td>\n<td>Osiek St. 10, 70-535 Szczecin<\/td>\n<\/tr>\n<tr>\n<td>Elysium Hurt i Detal<\/td>\n<td>Monte Cassino St. 5, 70-464 Szczecin<\/td>\n<\/tr>\n<tr>\n<td>Szynk &#8211; Craft Beer &#038; Pizza<\/td>\n<td>Rze\u017anicka St. 10\/11C, 82-300 Elbl\u0105g<\/td>\n<\/tr>\n<tr>\n<td>OneMoreBeer sp. z o.o.<\/td>\n<td>Przemys\u0142owa St. 4, 34-382 Wieprz<\/td>\n<\/tr>\n<tr>\n<td>PROMESA Hurtownia Piwa<\/td>\n<td>Aleja Krakowska St. 20, 05-090 Janki<\/td>\n<\/tr>\n<tr>\n<td>FILIP MERYNOS Sp. z o.o.<\/td>\n<td>Aleja Bohater\u00f3w Wrze\u015bnia St. 9, 02-389 Warszawa<\/td>\n<\/tr>\n<tr>\n<td>BEKA SP.ZO.O.S.K Piwa Regionalne<\/td>\n<td>\u015awi\u0119tokrzyska St. 12, 26-001 Mas\u0142\u00f3w Pierwszy<\/td>\n<\/tr>\n<tr>\n<td>\u015awiat Alkoholi<\/td>\n<td>Gen. Charlesa de Gaulle&#8217;a St. 79, 41-800 Zabrze<\/td>\n<\/tr>\n<\/tbody>\n<\/table>\n<p><!--more--><br \/>\n<!-- {\"type\":\"layout\",\"children\":[{\"name\":\"Hero\",\"type\":\"section\",\"props\":{\"css\":\".el-section{\\n    padding-top: 15px;\\n    padding-bottom: 15px;\\n    font-family: DharmaGothicE_Regular_R;\\n}\",\"image_position\":\"center-center\",\"padding\":\"large\",\"padding_remove_bottom\":false,\"padding_remove_top\":false,\"style\":\"default\",\"title_breakpoint\":\"xl\",\"title_position\":\"top-left\",\"title_rotation\":\"left\",\"vertical_align\":\"\",\"width\":\"large\"},\"children\":[{\"type\":\"row\",\"children\":[{\"type\":\"column\",\"props\":{\"image_position\":\"center-center\",\"position_sticky_breakpoint\":\"m\",\"width_medium\":\"1-1\"},\"children\":[{\"type\":\"headline\",\"props\":{\"content\":\"\n\n<p>OUR P<span>A<\\\/span>RTNERS<\\\/p>\",\"css\":\".el-element p{\\n    font-family: DharmaGothicE_Regular_R;\\n    font-size: 70px;\\n}\\n.el-element span{\\n    font-family: DharmaGothicE_ExBold_I;\\n}\",\"text_align\":\"center\",\"title_decoration\":\"line\",\"title_element\":\"h1\"},\"name\":\"nag\\u0142\\u00f3wek\"}]}]}]},{\"name\":\"Contact\",\"type\":\"section\",\"props\":{\"image_position\":\"center-center\",\"padding_remove_top\":true,\"style\":\"default\",\"title_breakpoint\":\"xl\",\"title_position\":\"top-left\",\"title_rotation\":\"left\",\"vertical_align\":\"\",\"width\":\"\"},\"children\":[{\"type\":\"row\",\"props\":{\"column_gap\":\"collapse\",\"row_gap\":\"collapse\"},\"children\":[{\"type\":\"column\",\"props\":{\"image_position\":\"center-center\",\"position_sticky_breakpoint\":\"m\"},\"children\":[{\"type\":\"html\",\"props\":{\"content\":\"<iframe src=\\\"https:\\\/\\\/www.google.com\\\/maps\\\/d\\\/embed?mid=1LQ5uzKMbx8j1mws6DnZlVw-_uuypv-4&ehbc=2E312F&noprof=1\\\" width=\\\"80%\\\" height=\\\"800\\\"><\\\/iframe>\\n\\n\n\n<style>\\n    @media screen and (min-width:0px) and (max-width:960px) {\\n        iframe {\\n            width: 80%;\\n            height: 500px;\\n        }\\n    }\\n<\\\/style>\",\"css\":\".el-element{\\n    text-align: center;\\n}\"}}]}]}]},{\"name\":\"Team\",\"type\":\"section\",\"props\":{\"image_position\":\"center-center\",\"padding\":\"large\",\"padding_remove_top\":true,\"style\":\"default\",\"title_breakpoint\":\"xl\",\"title_position\":\"top-left\",\"title_rotation\":\"left\",\"vertical_align\":\"\",\"width\":\"small\"},\"children\":[{\"type\":\"row\",\"props\":{\"margin\":\"xlarge\",\"margin_remove_bottom\":true},\"children\":[{\"type\":\"column\",\"props\":{\"image_position\":\"center-center\",\"position_sticky_breakpoint\":\"m\",\"width_medium\":\"1-1\"},\"children\":[{\"type\":\"divider\",\"props\":{\"divider_align\":\"center\",\"divider_element\":\"div\",\"divider_style\":\"small\"}}]}]},{\"type\":\"row\",\"props\":{\"margin\":\"medium\",\"margin_remove_top\":true},\"children\":[{\"type\":\"column\",\"props\":{\"image_position\":\"center-center\",\"position_sticky_breakpoint\":\"m\",\"width_medium\":\"1-1\"},\"children\":[{\"type\":\"table\",\"props\":{\"css\":\".el-title{\\n    font-family: Manrope-ExtraBold;\\n}\\n.el-content{\\n    font-family: Manrope-Light;\\n}\",\"image_svg_color\":\"emphasis\",\"link_style\":\"default\",\"link_text\":\"Read more\",\"meta_style\":\"text-meta\",\"show_content\":true,\"show_image\":false,\"show_link\":false,\"show_meta\":false,\"show_title\":true,\"table_order\":\"1\",\"table_responsive\":\"responsive\",\"table_size\":\"small\",\"table_style\":\"divider\",\"table_width_meta\":\"shrink\",\"table_width_title\":\"shrink\"},\"children\":[{\"type\":\"table_item\",\"props\":{\"content\":\"<i>Address<\\\/i>\",\"title\":\"<i>Venue Name<\\\/i>\"}},{\"type\":\"table_item\",\"props\":{\"content\":\"3 Maja St. 38, 40-097 Katowice\",\"title\":\"Bia\\u0142a Ma\\u0142pa\"}},{\"type\":\"table_item\",\"props\":{\"content\":\"\\u015awi\\u0119tego Jana St. 10, 40-000 Katowice\",\"title\":\"Upojeni\"}},{\"type\":\"table_item\",\"props\":{\"content\":\"Tadeusza Ko\\u015bciuszki St. 24, 40-048 Katowice\",\"title\":\"Alkolabs\"}},{\"type\":\"table_item\",\"props\":{\"content\":\"Gen. Charlesa de Gaulle'a St. 17, 41-800 Zabrze\",\"title\":\"Artystyczna\"}},{\"type\":\"table_item\",\"props\":{\"content\":\"Pasa\\u017c Sobieskiego St. 15, 44-200 Rybnik\",\"title\":\"Pub Sp\\u00f3\\u0142dzielczy Rybnik\"}},{\"type\":\"table_item\",\"props\":{\"content\":\"Francuska St. 11, 40-015 Katowice\",\"title\":\"Browariat\"}},{\"type\":\"table_item\",\"props\":{\"content\":\"Plac Krzysztofa Kamila Baczy\\u0144skiego St. 2, 43-100 Tychy\",\"title\":\"Wielokran\"}},{\"type\":\"table_item\",\"props\":{\"content\":\"Ksi\\u0119dza Augustyna Kordeckiego St. 10,\\n42-226 Cz\\u0119stochowa\",\"title\":\"Piwiarnia Piw Regionalnych Multitap & Pub\"}},{\"type\":\"table_item\",\"props\":{\"content\":\"G\\u00f3rnych Wa\\u0142\\u00f3w St. 30, 44-100 Gliwice\",\"title\":\"Beer Brothers\"}},{\"type\":\"table_item\",\"props\":{\"content\":\"Stra\\u017cacka St. 3A, 41-902 Bytom\",\"title\":\"Zelter\"}},{\"type\":\"table_item\",\"props\":{\"content\":\"\\u015arednia St. 1, 44-100 Gliwice\",\"title\":\"Stary Kufel\"}},{\"type\":\"table_item\",\"props\":{\"content\":\"Grzybowska St. 2, 00-131 Warszawa\",\"title\":\"Craft beer pub CZE\\u015a\\u0106\"}},{\"type\":\"table_item\",\"props\":{\"content\":\"\\u017burawia St. 32\\\/34, 00-503 Warszawa\",\"title\":\"Hopito\"}},{\"type\":\"table_item\",\"props\":{\"content\":\"Chmielna St. 27\\\/31\\\/76, 00-932 Warszawa\",\"title\":\"Hoppiness Beer & Food\"}},{\"type\":\"table_item\",\"props\":{\"content\":\"Nowogrodzka St. 25, 00-511 Warszawa\",\"title\":\"Kufle i Kapsle Nowogrodzka\"}},{\"type\":\"table_item\",\"props\":{\"content\":\"\\u017belazna St. 51\\\/53, 00-841 Warszawa\",\"title\":\"UWAGA PIWO\"}},{\"type\":\"table_item\",\"props\":{\"content\":\"Foksal St. 16, 00-372 Warszawa\",\"title\":\"PiwPaw Beer Heaven\"}},{\"type\":\"table_item\",\"props\":{\"content\":\"Aleja Tadeusza Ko\\u015bciuszki St. 80\\\/82, 90-437 \\u0141\\u00f3d\\u017a\",\"title\":\"Pub Sp\\u00f3\\u0142dzielczy \\u0141\\u00f3d\\u017a\"}},{\"type\":\"table_item\",\"props\":{\"content\":\"Kolejowa St. 14\\\/16, 53-508 Wroc\\u0142aw\",\"title\":\"FAM.\"}},{\"type\":\"table_item\",\"props\":{\"content\":\"\\u015awi\\u0119tego Antoniego St. 15, 50-073 Wroc\\u0142aw\",\"title\":\"Szynkarnia\"}},{\"type\":\"table_item\",\"props\":{\"content\":\"Plac Hirszfelda St. 16, 53-413 Wroc\\u0142aw\",\"title\":\"Piwarium\"}},{\"type\":\"table_item\",\"props\":{\"content\":\"Szcz\\u0119\\u015bliwa St. 12, 53-446 Wroc\\u0142aw\",\"title\":\"Browarek\"}},{\"type\":\"table_item\",\"props\":{\"content\":\"Kazimierza Wielkiego St. 39, 50-077 Wroc\\u0142aw\",\"title\":\"Marynka Piwo i Aperitivo\"}},{\"type\":\"table_item\",\"props\":{\"content\":\"Jedno\\u015bci Narodowej St. 101\\\/1B, 50-301 Wroc\\u0142aw\",\"title\":\"Pinta Piwa 2.0\"}},{\"type\":\"table_item\",\"props\":{\"content\":\"\\u015awi\\u0119tego Tomasza St. 35, 31-027 Krak\\u00f3w\",\"title\":\"House of Beer\"}},{\"type\":\"table_item\",\"props\":{\"content\":\"Szewska St. 21, 31-009 Krak\\u00f3w\",\"title\":\"Multi Qlti Tap Bar\"}},{\"type\":\"table_item\",\"props\":{\"content\":\"Plac Nowy St. 8, 31-056 Krak\\u00f3w\",\"title\":\"Nowy Kraftowy\"}},{\"type\":\"table_item\",\"props\":{\"content\":\"Cysters\\u00f3w St. 26c, 31-553 Krak\\u00f3w\",\"title\":\"DOLINA PIWA BEER SHOP\"}},{\"type\":\"table_item\",\"props\":{\"content\":\"Beera Meiselsa St. 9, 31-063 Krak\\u00f3w\",\"title\":\"Beer Street\"}},{\"type\":\"table_item\",\"props\":{\"content\":\"Szewska St. 7, 61-760 Pozna\\u0144\",\"title\":\"Piwna Stopa\"}},{\"type\":\"table_item\",\"props\":{\"content\":\"Osiek St. 10, 70-535 Szczecin\",\"title\":\"The Office - Craft Beer Pub\"}},{\"type\":\"table_item\",\"props\":{\"content\":\"Monte Cassino St. 5, 70-464 Szczecin\",\"title\":\"Elysium Hurt i Detal\"}},{\"type\":\"table_item\",\"props\":{\"content\":\"Rze\\u017anicka St. 10\\\/11C, 82-300 Elbl\\u0105g\",\"title\":\"Szynk - Craft Beer & Pizza\"}},{\"type\":\"table_item\",\"props\":{\"content\":\"Przemys\\u0142owa St. 4, 34-382 Wieprz\",\"title\":\"OneMoreBeer sp. z o.o.\"}},{\"type\":\"table_item\",\"props\":{\"content\":\"Aleja Krakowska St. 20, 05-090 Janki\",\"title\":\"PROMESA Hurtownia Piwa\"}},{\"type\":\"table_item\",\"props\":{\"content\":\"Aleja Bohater\\u00f3w Wrze\\u015bnia St. 9, 02-389 Warszawa\",\"title\":\"FILIP MERYNOS Sp. z o.o.\"}},{\"type\":\"table_item\",\"props\":{\"content\":\"\\u015awi\\u0119tokrzyska St. 12, 26-001 Mas\\u0142\\u00f3w Pierwszy\",\"title\":\"BEKA SP.ZO.O.S.K Piwa Regionalne\"}},{\"type\":\"table_item\",\"props\":{\"content\":\"Gen. Charlesa de Gaulle'a St. 79, 41-800 Zabrze\",\"title\":\"\\u015awiat Alkoholi\"}}]}]}]}]}],\"version\":\"4.3.6\"} --><\/p>\n","protected":false},"excerpt":{"rendered":"<p>OUR PARTNERS Venue Name Address Bia\u0142a Ma\u0142pa 3 Maja St. 38, 40-097 Katowice Upojeni \u015awi\u0119tego Jana St. 10, 40-000 Katowice Alkolabs Tadeusza Ko\u015bciuszki St. 24, 40-048 Katowice Artystyczna Gen. Charlesa de Gaulle&#8217;a St. 17, 41-800 Zabrze Pub Sp\u00f3\u0142dzielczy Rybnik Pasa\u017c Sobieskiego St. 15, 44-200 Rybnik Browariat Francuska St. 11, 40-015 Katowice Wielokran Plac Krzysztofa Kamila [&hellip;]<\/p>\n","protected":false},"author":1,"featured_media":0,"parent":0,"menu_order":0,"comment_status":"closed","ping_status":"closed","template":"","meta":{"footnotes":""},"class_list":["post-22","page","type-page","status-publish","hentry"],"yoast_head":"<!-- This site is optimized with the Yoast SEO plugin v27.4 - https:\/\/yoast.com\/product\/yoast-seo-wordpress\/ -->\n<title>Partners - TankBusters Craft Beers<\/title>\n<meta name=\"description\" content=\"Meet our partners, with whom we create unique craft beers together. Together, we raise the bar in the world of brewing.\" \/>\n<meta name=\"robots\" content=\"index, follow, max-snippet:-1, max-image-preview:large, max-video-preview:-1\" \/>\n<link rel=\"canonical\" href=\"https:\/\/en.tankbusters.pl\/index.php\/partners\/\" \/>\n<meta property=\"og:locale\" content=\"en_US\" \/>\n<meta property=\"og:type\" content=\"article\" \/>\n<meta property=\"og:title\" content=\"Partners - TankBusters Craft Beers\" \/>\n<meta property=\"og:description\" content=\"Meet our partners, with whom we create unique craft beers together. Together, we raise the bar in the world of brewing.\" \/>\n<meta property=\"og:url\" content=\"https:\/\/en.tankbusters.pl\/index.php\/partners\/\" \/>\n<meta property=\"og:site_name\" content=\"TankBusters\" \/>\n<meta property=\"article:modified_time\" content=\"2024-04-07T19:12:30+00:00\" \/>\n<meta name=\"twitter:card\" content=\"summary_large_image\" \/>\n<meta name=\"twitter:label1\" content=\"Est. reading time\" \/>\n\t<meta name=\"twitter:data1\" content=\"2 minutes\" \/>\n<script type=\"application\/ld+json\" class=\"yoast-schema-graph\">{\"@context\":\"https:\\\/\\\/schema.org\",\"@graph\":[{\"@type\":\"WebPage\",\"@id\":\"https:\\\/\\\/en.tankbusters.pl\\\/index.php\\\/partners\\\/\",\"url\":\"https:\\\/\\\/en.tankbusters.pl\\\/index.php\\\/partners\\\/\",\"name\":\"Partners - TankBusters Craft Beers\",\"isPartOf\":{\"@id\":\"https:\\\/\\\/en.tankbusters.pl\\\/#website\"},\"datePublished\":\"2024-01-31T20:17:36+00:00\",\"dateModified\":\"2024-04-07T19:12:30+00:00\",\"description\":\"Meet our partners, with whom we create unique craft beers together. Together, we raise the bar in the world of brewing.\",\"breadcrumb\":{\"@id\":\"https:\\\/\\\/en.tankbusters.pl\\\/index.php\\\/partners\\\/#breadcrumb\"},\"inLanguage\":\"en-US\",\"potentialAction\":[{\"@type\":\"ReadAction\",\"target\":[\"https:\\\/\\\/en.tankbusters.pl\\\/index.php\\\/partners\\\/\"]}]},{\"@type\":\"BreadcrumbList\",\"@id\":\"https:\\\/\\\/en.tankbusters.pl\\\/index.php\\\/partners\\\/#breadcrumb\",\"itemListElement\":[{\"@type\":\"ListItem\",\"position\":1,\"name\":\"Strona g\u0142\u00f3wna\",\"item\":\"https:\\\/\\\/en.tankbusters.pl\\\/\"},{\"@type\":\"ListItem\",\"position\":2,\"name\":\"Partners\"}]},{\"@type\":\"WebSite\",\"@id\":\"https:\\\/\\\/en.tankbusters.pl\\\/#website\",\"url\":\"https:\\\/\\\/en.tankbusters.pl\\\/\",\"name\":\"TankBusters\",\"description\":\"Craft Beer\",\"potentialAction\":[{\"@type\":\"SearchAction\",\"target\":{\"@type\":\"EntryPoint\",\"urlTemplate\":\"https:\\\/\\\/en.tankbusters.pl\\\/?s={search_term_string}\"},\"query-input\":{\"@type\":\"PropertyValueSpecification\",\"valueRequired\":true,\"valueName\":\"search_term_string\"}}],\"inLanguage\":\"en-US\"}]}<\/script>\n<!-- \/ Yoast SEO plugin. -->","yoast_head_json":{"title":"Partners - TankBusters Craft Beers","description":"Meet our partners, with whom we create unique craft beers together. Together, we raise the bar in the world of brewing.","robots":{"index":"index","follow":"follow","max-snippet":"max-snippet:-1","max-image-preview":"max-image-preview:large","max-video-preview":"max-video-preview:-1"},"canonical":"https:\/\/en.tankbusters.pl\/index.php\/partners\/","og_locale":"en_US","og_type":"article","og_title":"Partners - TankBusters Craft Beers","og_description":"Meet our partners, with whom we create unique craft beers together. Together, we raise the bar in the world of brewing.","og_url":"https:\/\/en.tankbusters.pl\/index.php\/partners\/","og_site_name":"TankBusters","article_modified_time":"2024-04-07T19:12:30+00:00","twitter_card":"summary_large_image","twitter_misc":{"Est. reading time":"2 minutes"},"schema":{"@context":"https:\/\/schema.org","@graph":[{"@type":"WebPage","@id":"https:\/\/en.tankbusters.pl\/index.php\/partners\/","url":"https:\/\/en.tankbusters.pl\/index.php\/partners\/","name":"Partners - TankBusters Craft Beers","isPartOf":{"@id":"https:\/\/en.tankbusters.pl\/#website"},"datePublished":"2024-01-31T20:17:36+00:00","dateModified":"2024-04-07T19:12:30+00:00","description":"Meet our partners, with whom we create unique craft beers together. Together, we raise the bar in the world of brewing.","breadcrumb":{"@id":"https:\/\/en.tankbusters.pl\/index.php\/partners\/#breadcrumb"},"inLanguage":"en-US","potentialAction":[{"@type":"ReadAction","target":["https:\/\/en.tankbusters.pl\/index.php\/partners\/"]}]},{"@type":"BreadcrumbList","@id":"https:\/\/en.tankbusters.pl\/index.php\/partners\/#breadcrumb","itemListElement":[{"@type":"ListItem","position":1,"name":"Strona g\u0142\u00f3wna","item":"https:\/\/en.tankbusters.pl\/"},{"@type":"ListItem","position":2,"name":"Partners"}]},{"@type":"WebSite","@id":"https:\/\/en.tankbusters.pl\/#website","url":"https:\/\/en.tankbusters.pl\/","name":"TankBusters","description":"Craft Beer","potentialAction":[{"@type":"SearchAction","target":{"@type":"EntryPoint","urlTemplate":"https:\/\/en.tankbusters.pl\/?s={search_term_string}"},"query-input":{"@type":"PropertyValueSpecification","valueRequired":true,"valueName":"search_term_string"}}],"inLanguage":"en-US"}]}},"_links":{"self":[{"href":"https:\/\/en.tankbusters.pl\/index.php\/wp-json\/wp\/v2\/pages\/22","targetHints":{"allow":["GET"]}}],"collection":[{"href":"https:\/\/en.tankbusters.pl\/index.php\/wp-json\/wp\/v2\/pages"}],"about":[{"href":"https:\/\/en.tankbusters.pl\/index.php\/wp-json\/wp\/v2\/types\/page"}],"author":[{"embeddable":true,"href":"https:\/\/en.tankbusters.pl\/index.php\/wp-json\/wp\/v2\/users\/1"}],"replies":[{"embeddable":true,"href":"https:\/\/en.tankbusters.pl\/index.php\/wp-json\/wp\/v2\/comments?post=22"}],"version-history":[{"count":9,"href":"https:\/\/en.tankbusters.pl\/index.php\/wp-json\/wp\/v2\/pages\/22\/revisions"}],"predecessor-version":[{"id":974,"href":"https:\/\/en.tankbusters.pl\/index.php\/wp-json\/wp\/v2\/pages\/22\/revisions\/974"}],"wp:attachment":[{"href":"https:\/\/en.tankbusters.pl\/index.php\/wp-json\/wp\/v2\/media?parent=22"}],"curies":[{"name":"wp","href":"https:\/\/api.w.org\/{rel}","templated":true}]}}