{"id":519,"date":"2024-02-13T20:43:25","date_gmt":"2024-02-13T20:43:25","guid":{"rendered":"https:\/\/en.tankbusters.pl\/?page_id=519"},"modified":"2024-03-13T21:14:07","modified_gmt":"2024-03-13T21:14:07","slug":"classic","status":"publish","type":"page","link":"https:\/\/en.tankbusters.pl\/index.php\/classic\/","title":{"rendered":"CLASSIC"},"content":{"rendered":"<h1>\n<p style=\"font-size: 60px; font-family: DharmaGothicE_Regular_R;\">CLA<span style=\"font-family: DharmaGothicE_Bold_R;\">S<\/span>SI<span style=\"font-family: DharmaGothicE_Regular_I;\">C<\/span><\/p>\n<\/h1>\n<div>\n<\/div>\n<p><!--more--><br \/>\n<!-- {\"type\":\"layout\",\"children\":[{\"type\":\"section\",\"props\":{\"image_position\":\"center-center\",\"style\":\"default\",\"title_breakpoint\":\"xl\",\"title_position\":\"top-left\",\"title_rotation\":\"left\",\"vertical_align\":\"middle\",\"width\":\"xlarge\"},\"children\":[{\"type\":\"row\",\"children\":[{\"type\":\"column\",\"props\":{\"image_position\":\"center-center\",\"position_sticky_breakpoint\":\"m\"},\"children\":[{\"type\":\"headline\",\"props\":{\"content\":\"\n\n<p style=\\\"font-size: 60px; font-family: DharmaGothicE_Regular_R;\\\">CLA<span style=\\\"font-family: DharmaGothicE_Bold_R;\\\">S<\\\/span>SI<span style=\\\"font-family: DharmaGothicE_Regular_I;\\\">C<\\\/span><\\\/p>\",\"margin_remove_top\":false,\"text_align\":\"center\",\"title_element\":\"h1\"},\"name\":\"classic\"},{\"name\":\"Grid Piwa gotowy - Nasze piwa\",\"type\":\"grid\",\"children\":[{\"type\":\"grid_item\",\"props\":{\"meta\":\"\"},\"source\":{\"query\":{\"name\":\"products.customProducts\",\"arguments\":{\"terms\":[106],\"product_cat_operator\":\"IN\",\"product_tag_operator\":\"IN\",\"product_visibility_operator\":\"IN\",\"users\":[],\"users_operator\":\"IN\",\"offset\":0,\"limit\":100000,\"order\":\"date\",\"order_direction\":\"ASC\"}},\"props\":{\"link\":{\"filters\":{\"search\":\"\"},\"name\":\"link\"},\"image\":{\"filters\":{\"search\":\"\"},\"name\":\"featuredImage.url\"},\"title\":{\"filters\":{\"search\":\"\"},\"name\":\"title\"}}}}],\"props\":{\"class\":\"najechanie\",\"content_column_breakpoint\":\"m\",\"css\":\".el-item.uk-grid-item-match{\\n  transition: transform 0.3s ease-in-out;\\n}\\n\\n.el-item.uk-grid-item-match:hover {\\n  transform: scale(1.1);\\n}\\n\\n.el-element{\\n    padding-left: 25px;\\n    padding-right: 25px;\\n}\\n.el-title{\\n    font-family: DharmaGothicE_Regular_R;\\n    text-align: center;\\n    font-size: 38px;\\n}\",\"filter_align\":\"left\",\"filter_all\":true,\"filter_grid_breakpoint\":\"m\",\"filter_grid_width\":\"auto\",\"filter_position\":\"top\",\"filter_style\":\"tab\",\"grid_column_gap\":\"large\",\"grid_default\":\"1\",\"grid_medium\":\"6\",\"grid_row_gap\":\"large\",\"grid_small\":\"2\",\"icon_width\":80,\"id\":\"najechanie\",\"image_align\":\"top\",\"image_grid_breakpoint\":\"m\",\"image_grid_width\":\"1-2\",\"image_link\":true,\"image_svg_color\":\"emphasis\",\"image_width\":\"610\",\"item_animation\":true,\"lightbox\":false,\"link_style\":\"default\",\"link_text\":\"\",\"margin\":\"default\",\"meta_align\":\"below-title\",\"meta_color\":\"muted\",\"meta_element\":\"div\",\"meta_margin\":\"small\",\"meta_style\":\"h6\",\"panel_link\":true,\"parallax_easing\":\"1\",\"show_content\":true,\"show_image\":true,\"show_link\":true,\"show_meta\":true,\"show_title\":true,\"text_align\":\"left\",\"text_align_breakpoint\":\"s\",\"text_align_fallback\":\"center\",\"title_align\":\"top\",\"title_element\":\"h3\",\"title_grid_breakpoint\":\"m\",\"title_grid_width\":\"1-2\",\"title_hover_style\":\"reset\",\"title_link\":true}}]}]}]}],\"version\":\"4.2.13\"} --><\/p>\n","protected":false},"excerpt":{"rendered":"<p>CLASSIC<\/p>\n","protected":false},"author":1,"featured_media":0,"parent":0,"menu_order":0,"comment_status":"closed","ping_status":"closed","template":"","meta":{"footnotes":""},"class_list":["post-519","page","type-page","status-publish","hentry"],"yoast_head":"<!-- This site is optimized with the Yoast SEO plugin v27.4 - https:\/\/yoast.com\/product\/yoast-seo-wordpress\/ -->\n<title>CLASSIC - TankBusters Kraftowe piwa<\/title>\n<meta name=\"description\" content=\"Klasyka kraftowego piwa w najlepszym wydaniu. Tradycyjne receptury i nowoczesne podej\u015bcie. Odkryj smaki, kt\u00f3re przetrwa\u0142y pr\u00f3b\u0119 czasu.\" \/>\n<meta name=\"robots\" content=\"index, follow, max-snippet:-1, max-image-preview:large, max-video-preview:-1\" \/>\n<link rel=\"canonical\" href=\"https:\/\/en.tankbusters.pl\/index.php\/classic\/\" \/>\n<meta property=\"og:locale\" content=\"en_US\" \/>\n<meta property=\"og:type\" content=\"article\" \/>\n<meta property=\"og:title\" content=\"CLASSIC - TankBusters Kraftowe piwa\" \/>\n<meta property=\"og:description\" content=\"Klasyka kraftowego piwa w najlepszym wydaniu. Tradycyjne receptury i nowoczesne podej\u015bcie. Odkryj smaki, kt\u00f3re przetrwa\u0142y pr\u00f3b\u0119 czasu.\" \/>\n<meta property=\"og:url\" content=\"https:\/\/en.tankbusters.pl\/index.php\/classic\/\" \/>\n<meta property=\"og:site_name\" content=\"TankBusters\" \/>\n<meta property=\"article:modified_time\" content=\"2024-03-13T21:14:07+00:00\" \/>\n<meta name=\"twitter:card\" content=\"summary_large_image\" \/>\n<meta name=\"twitter:label1\" content=\"Est. reading time\" \/>\n\t<meta name=\"twitter:data1\" content=\"1 minute\" \/>\n<script type=\"application\/ld+json\" class=\"yoast-schema-graph\">{\"@context\":\"https:\\\/\\\/schema.org\",\"@graph\":[{\"@type\":\"WebPage\",\"@id\":\"https:\\\/\\\/en.tankbusters.pl\\\/index.php\\\/classic\\\/\",\"url\":\"https:\\\/\\\/en.tankbusters.pl\\\/index.php\\\/classic\\\/\",\"name\":\"CLASSIC - TankBusters Kraftowe piwa\",\"isPartOf\":{\"@id\":\"https:\\\/\\\/en.tankbusters.pl\\\/#website\"},\"datePublished\":\"2024-02-13T20:43:25+00:00\",\"dateModified\":\"2024-03-13T21:14:07+00:00\",\"description\":\"Klasyka kraftowego piwa w najlepszym wydaniu. Tradycyjne receptury i nowoczesne podej\u015bcie. Odkryj smaki, kt\u00f3re przetrwa\u0142y pr\u00f3b\u0119 czasu.\",\"breadcrumb\":{\"@id\":\"https:\\\/\\\/en.tankbusters.pl\\\/index.php\\\/classic\\\/#breadcrumb\"},\"inLanguage\":\"en-US\",\"potentialAction\":[{\"@type\":\"ReadAction\",\"target\":[\"https:\\\/\\\/en.tankbusters.pl\\\/index.php\\\/classic\\\/\"]}]},{\"@type\":\"BreadcrumbList\",\"@id\":\"https:\\\/\\\/en.tankbusters.pl\\\/index.php\\\/classic\\\/#breadcrumb\",\"itemListElement\":[{\"@type\":\"ListItem\",\"position\":1,\"name\":\"Strona g\u0142\u00f3wna\",\"item\":\"https:\\\/\\\/en.tankbusters.pl\\\/\"},{\"@type\":\"ListItem\",\"position\":2,\"name\":\"CLASSIC\"}]},{\"@type\":\"WebSite\",\"@id\":\"https:\\\/\\\/en.tankbusters.pl\\\/#website\",\"url\":\"https:\\\/\\\/en.tankbusters.pl\\\/\",\"name\":\"TankBusters\",\"description\":\"Craft Beer\",\"potentialAction\":[{\"@type\":\"SearchAction\",\"target\":{\"@type\":\"EntryPoint\",\"urlTemplate\":\"https:\\\/\\\/en.tankbusters.pl\\\/?s={search_term_string}\"},\"query-input\":{\"@type\":\"PropertyValueSpecification\",\"valueRequired\":true,\"valueName\":\"search_term_string\"}}],\"inLanguage\":\"en-US\"}]}<\/script>\n<!-- \/ Yoast SEO plugin. -->","yoast_head_json":{"title":"CLASSIC - TankBusters Kraftowe piwa","description":"Klasyka kraftowego piwa w najlepszym wydaniu. Tradycyjne receptury i nowoczesne podej\u015bcie. Odkryj smaki, kt\u00f3re przetrwa\u0142y pr\u00f3b\u0119 czasu.","robots":{"index":"index","follow":"follow","max-snippet":"max-snippet:-1","max-image-preview":"max-image-preview:large","max-video-preview":"max-video-preview:-1"},"canonical":"https:\/\/en.tankbusters.pl\/index.php\/classic\/","og_locale":"en_US","og_type":"article","og_title":"CLASSIC - TankBusters Kraftowe piwa","og_description":"Klasyka kraftowego piwa w najlepszym wydaniu. Tradycyjne receptury i nowoczesne podej\u015bcie. Odkryj smaki, kt\u00f3re przetrwa\u0142y pr\u00f3b\u0119 czasu.","og_url":"https:\/\/en.tankbusters.pl\/index.php\/classic\/","og_site_name":"TankBusters","article_modified_time":"2024-03-13T21:14:07+00:00","twitter_card":"summary_large_image","twitter_misc":{"Est. reading time":"1 minute"},"schema":{"@context":"https:\/\/schema.org","@graph":[{"@type":"WebPage","@id":"https:\/\/en.tankbusters.pl\/index.php\/classic\/","url":"https:\/\/en.tankbusters.pl\/index.php\/classic\/","name":"CLASSIC - TankBusters Kraftowe piwa","isPartOf":{"@id":"https:\/\/en.tankbusters.pl\/#website"},"datePublished":"2024-02-13T20:43:25+00:00","dateModified":"2024-03-13T21:14:07+00:00","description":"Klasyka kraftowego piwa w najlepszym wydaniu. Tradycyjne receptury i nowoczesne podej\u015bcie. Odkryj smaki, kt\u00f3re przetrwa\u0142y pr\u00f3b\u0119 czasu.","breadcrumb":{"@id":"https:\/\/en.tankbusters.pl\/index.php\/classic\/#breadcrumb"},"inLanguage":"en-US","potentialAction":[{"@type":"ReadAction","target":["https:\/\/en.tankbusters.pl\/index.php\/classic\/"]}]},{"@type":"BreadcrumbList","@id":"https:\/\/en.tankbusters.pl\/index.php\/classic\/#breadcrumb","itemListElement":[{"@type":"ListItem","position":1,"name":"Strona g\u0142\u00f3wna","item":"https:\/\/en.tankbusters.pl\/"},{"@type":"ListItem","position":2,"name":"CLASSIC"}]},{"@type":"WebSite","@id":"https:\/\/en.tankbusters.pl\/#website","url":"https:\/\/en.tankbusters.pl\/","name":"TankBusters","description":"Craft Beer","potentialAction":[{"@type":"SearchAction","target":{"@type":"EntryPoint","urlTemplate":"https:\/\/en.tankbusters.pl\/?s={search_term_string}"},"query-input":{"@type":"PropertyValueSpecification","valueRequired":true,"valueName":"search_term_string"}}],"inLanguage":"en-US"}]}},"_links":{"self":[{"href":"https:\/\/en.tankbusters.pl\/index.php\/wp-json\/wp\/v2\/pages\/519","targetHints":{"allow":["GET"]}}],"collection":[{"href":"https:\/\/en.tankbusters.pl\/index.php\/wp-json\/wp\/v2\/pages"}],"about":[{"href":"https:\/\/en.tankbusters.pl\/index.php\/wp-json\/wp\/v2\/types\/page"}],"author":[{"embeddable":true,"href":"https:\/\/en.tankbusters.pl\/index.php\/wp-json\/wp\/v2\/users\/1"}],"replies":[{"embeddable":true,"href":"https:\/\/en.tankbusters.pl\/index.php\/wp-json\/wp\/v2\/comments?post=519"}],"version-history":[{"count":0,"href":"https:\/\/en.tankbusters.pl\/index.php\/wp-json\/wp\/v2\/pages\/519\/revisions"}],"wp:attachment":[{"href":"https:\/\/en.tankbusters.pl\/index.php\/wp-json\/wp\/v2\/media?parent=519"}],"curies":[{"name":"wp","href":"https:\/\/api.w.org\/{rel}","templated":true}]}}