{"id":939,"date":"2024-03-27T13:48:15","date_gmt":"2024-03-27T12:48:15","guid":{"rendered":"https:\/\/en.tankbusters.pl\/?page_id=939"},"modified":"2024-04-07T19:57:06","modified_gmt":"2024-04-07T18:57:06","slug":"page-under-construction","status":"publish","type":"page","link":"https:\/\/en.tankbusters.pl\/index.php\/page-under-construction\/","title":{"rendered":"Page Under Construction"},"content":{"rendered":"<div>Strona w budowie<\/div>\n<p>\n    <a href=\"https:\/\/en.tankbusters.pl\/\">Powr\u00f3t na stron\u0119 g\u0142\u00f3wn\u0105<\/a>\n<\/p>\n<p><img decoding=\"async\" src=\"\/wp-content\/uploads\/error-404.jpg\" alt=\"\"><\/p>\n<p><!--more--><br \/>\n<!-- {\"type\":\"layout\",\"children\":[{\"type\":\"section\",\"props\":{\"height\":\"viewport\",\"height_offset_top\":true,\"image_position\":\"center-center\",\"overlap\":false,\"preserve_color\":false,\"style\":\"secondary\",\"title_breakpoint\":\"xl\",\"title_position\":\"top-left\",\"title_rotation\":\"left\",\"vertical_align\":\"middle\",\"width\":\"default\"},\"children\":[{\"type\":\"row\",\"props\":{\"column_gap\":\"large\",\"layout\":\"1-2,1-2\",\"row_gap\":\"large\"},\"children\":[{\"type\":\"column\",\"props\":{\"image_position\":\"center-center\",\"position_sticky_breakpoint\":\"m\",\"text_color\":\"light\",\"vertical_align\":\"middle\",\"width_medium\":\"1-2\",\"width_small\":\"3-5\"},\"children\":[{\"type\":\"headline\",\"props\":{\"content\":\"Strona w budowie\",\"margin\":\"small\",\"text_align\":\"left\",\"text_align_breakpoint\":\"s\",\"text_align_fallback\":\"center\",\"title_element\":\"div\",\"title_style\":\"heading-medium\"}},{\"type\":\"button\",\"props\":{\"grid_column_gap\":\"small\",\"grid_row_gap\":\"small\",\"margin\":\"medium\",\"text_align\":\"left\",\"text_align_breakpoint\":\"s\",\"text_align_fallback\":\"center\"},\"children\":[{\"type\":\"button_item\",\"props\":{\"button_style\":\"primary\",\"content\":\"Powr\\u00f3t na stron\\u0119 g\\u0142\\u00f3wn\\u0105\",\"icon_align\":\"left\",\"link\":\"https:\\\/\\\/en.tankbusters.pl\\\/\"}}]}]},{\"type\":\"column\",\"props\":{\"image_position\":\"center-center\",\"position_sticky_breakpoint\":\"m\",\"width_medium\":\"1-2\",\"width_small\":\"2-5\"},\"children\":[{\"type\":\"image\",\"props\":{\"image\":\"wp-content\\\/uploads\\\/error-404.jpg\",\"image_svg_color\":\"emphasis\",\"image_width\":\"670\",\"margin\":\"default\"}}]}]}],\"name\":\"Error 404\"}],\"version\":\"4.3.6\"} --><\/p>\n","protected":false},"excerpt":{"rendered":"<p>Strona w budowie Powr\u00f3t na stron\u0119 g\u0142\u00f3wn\u0105<\/p>\n","protected":false},"author":1,"featured_media":0,"parent":0,"menu_order":0,"comment_status":"closed","ping_status":"closed","template":"","meta":{"footnotes":""},"class_list":["post-939","page","type-page","status-publish","hentry"],"yoast_head":"<!-- This site is optimized with the Yoast SEO plugin v27.3 - https:\/\/yoast.com\/product\/yoast-seo-wordpress\/ -->\n<title>Page Under Construction - TankBusters<\/title>\n<meta name=\"robots\" content=\"index, follow, max-snippet:-1, max-image-preview:large, max-video-preview:-1\" \/>\n<link rel=\"canonical\" href=\"https:\/\/en.tankbusters.pl\/index.php\/page-under-construction\/\" \/>\n<meta property=\"og:locale\" content=\"en_US\" \/>\n<meta property=\"og:type\" content=\"article\" \/>\n<meta property=\"og:title\" content=\"Page Under Construction - TankBusters\" \/>\n<meta property=\"og:description\" content=\"Strona w budowie Powr\u00f3t na stron\u0119 g\u0142\u00f3wn\u0105\" \/>\n<meta property=\"og:url\" content=\"https:\/\/en.tankbusters.pl\/index.php\/page-under-construction\/\" \/>\n<meta property=\"og:site_name\" content=\"TankBusters\" \/>\n<meta property=\"article:modified_time\" content=\"2024-04-07T18:57:06+00:00\" \/>\n<meta name=\"twitter:card\" content=\"summary_large_image\" \/>\n<meta name=\"twitter:label1\" content=\"Est. reading time\" \/>\n\t<meta name=\"twitter:data1\" content=\"1 minute\" \/>\n<script type=\"application\/ld+json\" class=\"yoast-schema-graph\">{\"@context\":\"https:\\\/\\\/schema.org\",\"@graph\":[{\"@type\":\"WebPage\",\"@id\":\"https:\\\/\\\/en.tankbusters.pl\\\/index.php\\\/page-under-construction\\\/\",\"url\":\"https:\\\/\\\/en.tankbusters.pl\\\/index.php\\\/page-under-construction\\\/\",\"name\":\"Page Under Construction - TankBusters\",\"isPartOf\":{\"@id\":\"https:\\\/\\\/en.tankbusters.pl\\\/#website\"},\"datePublished\":\"2024-03-27T12:48:15+00:00\",\"dateModified\":\"2024-04-07T18:57:06+00:00\",\"breadcrumb\":{\"@id\":\"https:\\\/\\\/en.tankbusters.pl\\\/index.php\\\/page-under-construction\\\/#breadcrumb\"},\"inLanguage\":\"en-US\",\"potentialAction\":[{\"@type\":\"ReadAction\",\"target\":[\"https:\\\/\\\/en.tankbusters.pl\\\/index.php\\\/page-under-construction\\\/\"]}]},{\"@type\":\"BreadcrumbList\",\"@id\":\"https:\\\/\\\/en.tankbusters.pl\\\/index.php\\\/page-under-construction\\\/#breadcrumb\",\"itemListElement\":[{\"@type\":\"ListItem\",\"position\":1,\"name\":\"Strona g\u0142\u00f3wna\",\"item\":\"https:\\\/\\\/en.tankbusters.pl\\\/\"},{\"@type\":\"ListItem\",\"position\":2,\"name\":\"Page Under Construction\"}]},{\"@type\":\"WebSite\",\"@id\":\"https:\\\/\\\/en.tankbusters.pl\\\/#website\",\"url\":\"https:\\\/\\\/en.tankbusters.pl\\\/\",\"name\":\"TankBusters\",\"description\":\"Craft Beer\",\"potentialAction\":[{\"@type\":\"SearchAction\",\"target\":{\"@type\":\"EntryPoint\",\"urlTemplate\":\"https:\\\/\\\/en.tankbusters.pl\\\/?s={search_term_string}\"},\"query-input\":{\"@type\":\"PropertyValueSpecification\",\"valueRequired\":true,\"valueName\":\"search_term_string\"}}],\"inLanguage\":\"en-US\"}]}<\/script>\n<!-- \/ Yoast SEO plugin. -->","yoast_head_json":{"title":"Page Under Construction - TankBusters","robots":{"index":"index","follow":"follow","max-snippet":"max-snippet:-1","max-image-preview":"max-image-preview:large","max-video-preview":"max-video-preview:-1"},"canonical":"https:\/\/en.tankbusters.pl\/index.php\/page-under-construction\/","og_locale":"en_US","og_type":"article","og_title":"Page Under Construction - TankBusters","og_description":"Strona w budowie Powr\u00f3t na stron\u0119 g\u0142\u00f3wn\u0105","og_url":"https:\/\/en.tankbusters.pl\/index.php\/page-under-construction\/","og_site_name":"TankBusters","article_modified_time":"2024-04-07T18:57:06+00:00","twitter_card":"summary_large_image","twitter_misc":{"Est. reading time":"1 minute"},"schema":{"@context":"https:\/\/schema.org","@graph":[{"@type":"WebPage","@id":"https:\/\/en.tankbusters.pl\/index.php\/page-under-construction\/","url":"https:\/\/en.tankbusters.pl\/index.php\/page-under-construction\/","name":"Page Under Construction - TankBusters","isPartOf":{"@id":"https:\/\/en.tankbusters.pl\/#website"},"datePublished":"2024-03-27T12:48:15+00:00","dateModified":"2024-04-07T18:57:06+00:00","breadcrumb":{"@id":"https:\/\/en.tankbusters.pl\/index.php\/page-under-construction\/#breadcrumb"},"inLanguage":"en-US","potentialAction":[{"@type":"ReadAction","target":["https:\/\/en.tankbusters.pl\/index.php\/page-under-construction\/"]}]},{"@type":"BreadcrumbList","@id":"https:\/\/en.tankbusters.pl\/index.php\/page-under-construction\/#breadcrumb","itemListElement":[{"@type":"ListItem","position":1,"name":"Strona g\u0142\u00f3wna","item":"https:\/\/en.tankbusters.pl\/"},{"@type":"ListItem","position":2,"name":"Page Under Construction"}]},{"@type":"WebSite","@id":"https:\/\/en.tankbusters.pl\/#website","url":"https:\/\/en.tankbusters.pl\/","name":"TankBusters","description":"Craft Beer","potentialAction":[{"@type":"SearchAction","target":{"@type":"EntryPoint","urlTemplate":"https:\/\/en.tankbusters.pl\/?s={search_term_string}"},"query-input":{"@type":"PropertyValueSpecification","valueRequired":true,"valueName":"search_term_string"}}],"inLanguage":"en-US"}]}},"_links":{"self":[{"href":"https:\/\/en.tankbusters.pl\/index.php\/wp-json\/wp\/v2\/pages\/939","targetHints":{"allow":["GET"]}}],"collection":[{"href":"https:\/\/en.tankbusters.pl\/index.php\/wp-json\/wp\/v2\/pages"}],"about":[{"href":"https:\/\/en.tankbusters.pl\/index.php\/wp-json\/wp\/v2\/types\/page"}],"author":[{"embeddable":true,"href":"https:\/\/en.tankbusters.pl\/index.php\/wp-json\/wp\/v2\/users\/1"}],"replies":[{"embeddable":true,"href":"https:\/\/en.tankbusters.pl\/index.php\/wp-json\/wp\/v2\/comments?post=939"}],"version-history":[{"count":5,"href":"https:\/\/en.tankbusters.pl\/index.php\/wp-json\/wp\/v2\/pages\/939\/revisions"}],"predecessor-version":[{"id":960,"href":"https:\/\/en.tankbusters.pl\/index.php\/wp-json\/wp\/v2\/pages\/939\/revisions\/960"}],"wp:attachment":[{"href":"https:\/\/en.tankbusters.pl\/index.php\/wp-json\/wp\/v2\/media?parent=939"}],"curies":[{"name":"wp","href":"https:\/\/api.w.org\/{rel}","templated":true}]}}